{"id":335,"date":"2016-05-10T03:48:21","date_gmt":"2016-05-10T03:48:21","guid":{"rendered":"http:\/\/julie-chloe.com\/about-me\/"},"modified":"2020-08-14T07:49:21","modified_gmt":"2020-08-14T07:49:21","slug":"about-me","status":"publish","type":"page","link":"http:\/\/julie-chloe.com\/en\/about-me\/","title":{"rendered":"About Me"},"content":{"rendered":"<p>A la une !<\/p>\n<blockquote class=\"\">\n<div class=\"\">\n<div class=\"\" dir=\"auto\">\n<div class=\"\">Edito Mode &amp; Beaut\u00e9 shoot\u00e9 au French Theory Hotel \u00e0 Paris, juste avant le confinement :\u00a0<a class=\"\" href=\"https:\/\/www.lamodecnous.com\/2020\/03\/23\/french-theory\/\">https:\/\/www.lamodecnous.com\/2020\/03\/23\/french-theory\/<\/a><\/div>\n<\/div>\n<\/div>\n<\/blockquote>\n<p>&nbsp;<\/p>\n<p>&nbsp;<\/p>\n<p><strong>FORMATION <\/strong><\/p>\n<p><strong>Perfectionnement Doublage <\/strong>(janvier 2020) Les Escales Buissonni\u00e8res \u00e0 Lyon<\/p>\n<p><strong>Doublage et voix off <\/strong>(octobre 2018) Les Escales Buissonni\u00e8res \u00e0 Lyon<\/p>\n<p><strong>Les Ateliers Saint-Georges <\/strong>Avec Seth Young Ruiz F\u00e9vrier 2018, Lyon<\/p>\n<p><strong>Stage de Clown <\/strong>Avec Maude Lallier F\u00e9vrier 2018<strong>, <\/strong>Agend\u2019arts Lyon<\/p>\n<p><strong>Les Messieurs Utopiques <\/strong>D\u00e8s d\u00e9cembre 2017 Trainings corps et voix, tous les mardis matins \u00e0 Lyon.<\/p>\n<p><strong>Aquarium Cin\u00e9 Caf\u00e9 <\/strong>Octobre 2017 R\u00e9alisation d\u2019un documentaire sur \u00ab\u00a0Lyon, premi\u00e8re vision\u00a0\u00bb Projection le 12 d\u00e9cembre 2017.<\/p>\n<p><strong>Eicar <\/strong>2017 Workshop d&#8217;une semaine en Anglais avec les coachs Chris Mack et No\u00e9mie Kocher et une quinzaine de jeunes r\u00e9alisateurs internationaux<\/p>\n<p><strong>CMeActing <\/strong>2016 Workshop de 3 semaines organis\u00e9 par Elise Mc Leod avec 3 coachs, 3 directeurs de castings et 3 r\u00e9alisateurs (Guillaume Brac, Ivan Calberac, Gabriel Julien Laferri\u00e8re)<\/p>\n<p><strong>Forum des Images 2016\u00a0\u00a0\u00a0\u00a0 <\/strong>Atelier de jeu et de r\u00e9alisation de la bande-annonce La M\u00e9prise, en clin d\u2019\u0153il \u00e0 Godard<\/p>\n<p><strong>Cin\u00e9math\u00e8que Bercy 2016 <\/strong>Stage de montage avec Anne Souriau<\/p>\n<p><strong>French Acting Paris <\/strong>2009 Cours Acting en Anglais, avec Charles Weinstein<\/p>\n<p><strong>L&#8217;Entr\u00e9e des Artistes <\/strong>2006 Th\u00e9\u00e2tre et improvisation avec Olivier Belmondo<\/p>\n<p><strong>\u00a0<\/strong><strong>Master 2 gestion et marketing franco-allemand <\/strong>2000-2005 Sorbonne Nouvelle<\/p>\n<p>&nbsp;<\/p>\n<p><strong>LONG M\u00c9TRAGES <\/strong><\/p>\n<p><strong>Carbone <\/strong>d\u2019Olivier Marchal 2016\u00a0\u00a0 <em>Une mannequin<\/em> (sortie 1<sup>er<\/sup> novembre 2017)<\/p>\n<p><strong>Insect <\/strong>de Jude Bauman 2007 <em>R\u00f4le d&#8217;une call girl<\/em><\/p>\n<p>&nbsp;<\/p>\n<p><strong>SERIE<\/strong><\/p>\n<p><strong>On va s\u2019aimer un peu, beaucoup\u00a0\u00a0 <\/strong>D\u00e9cembre 2017 <em>Une jeune avocate du cabinet<\/em><\/p>\n<p><strong>\u00a0<\/strong><strong>Alice Nevers <\/strong>Mars 2018\u00a0\u00a0\u00a0\u00a0 <em>Silhouette Une Passante<\/em><\/p>\n<p>&nbsp;<\/p>\n<p><strong>COURT M\u00c9TRAGES <\/strong><\/p>\n<p><strong>L&#8217;Oiseau Bleu <\/strong>(mars 2020, tourn\u00e9 pendant le confinement<a href=\"https:\/\/m.youtube.com\/watch?v=u_YYt9Wx37Y\"> https:\/\/m.youtube.com\/watch?v=u_YYt9Wx37Y\u00a0<\/a><\/p>\n<p><strong>Fantasmes <\/strong>(octobre 2018) de Chris Desay<strong>\u00a0 <\/strong><em>R\u00f4le de Sylvie, qui fantasme sur une Ferrari<\/em><\/p>\n<p><strong>Film Noir <\/strong>(juin 2018) de Francis Mapris\u00a0 <em>R\u00f4le de l\u2019\u00e9pouse manipulatrice<\/em><\/p>\n<p><strong>Close <\/strong>F\u00e9vrier 2018 de Aristea Linakis <em>R\u00f4le de la voisine en robe de chambre<\/em> <a href=\"https:\/\/vimeo.com\/259425901\">https:\/\/vimeo.com\/259425901<\/a><\/p>\n<p><strong>Jude <\/strong>de Kinyua Kamau D\u00e9cembre 2017 <em>R\u00f4le de la Femme de Ben, dealer de drogue et amante de Jude, th\u00e9sard en droit<\/em><\/p>\n<p><strong>Tu couches, tu\u00a0?<\/strong> De Boris Bincoletti 2017. <em>R\u00f4le de la tante d\u2019Arthur<\/em> (envoi sur demande)<\/p>\n<p><strong>Comment bien faire son travail<\/strong> de Fabrice Cormy 2016\u00a0<em>R\u00f4le de la Femme du Patron de la multinationale<\/em> (envoi sur demande)<\/p>\n<p><strong>Bizarre<\/strong> de Christopher Glover <em>R\u00f4le de la Femme de l&#8217;Artiste d\u00e9jant\u00e9 2012<\/em>\u00a0\u00a0 <a href=\"https:\/\/vimeo.com\/82785827\">https:\/\/vimeo.com\/82785827<\/a>\u00a0 \u00a0 \u00a0(code sur demande)<\/p>\n<p>&nbsp;<\/p>\n<p><strong>PUB TELE<\/strong><\/p>\n<p><strong>Maisons Zigliani <\/strong>(juin 2018)<strong>\u00a0 <\/strong><em>R\u00f4le d\u2019une maman<\/em> <a href=\"http:\/\/www.zigliani-batisseur.fr\/la-societe\/actualites\/54-zigliani-batisseur-na-fait-que-la-maison-episode-1\">http:\/\/www.zigliani-batisseur.fr\/la-societe\/actualites\/54-zigliani-batisseur-na-fait-que-la-maison-episode-1<\/a><\/p>\n<p><strong>Mix Buffet <\/strong>de No\u00e9mie Saglio<strong> \u00a0\u00a0\u00a0<\/strong>Sortie Juin 2017 <em>R\u00f4le d\u2019une business girl hautaine<\/em><\/p>\n<p>&nbsp;<\/p>\n<p><strong>DOCUMENTAIRE<\/strong><\/p>\n<p><strong>Premiers regards<\/strong> (oct 2017) co-r\u00e9alisatrice \u00a0<a href=\"https:\/\/vimeo.com\/247681804\">https:\/\/vimeo.com\/247681804<\/a><\/p>\n<p><strong>Images de Femmes <\/strong>de Jean-Fran\u00e7ois Ferrillon 2011 <em>R\u00f4le d\u2019une mannequin<\/em><\/p>\n<p>&nbsp;<\/p>\n<p><strong>CLIPS <\/strong><\/p>\n<p><strong>Brigade Mondaine<\/strong> de Paul von Borax 2016 <a href=\"https:\/\/vimeo.com\/197871570\">https:\/\/vimeo.com\/197871570<\/a>\u00a0<em>R\u00f4le d\u2019une femme qui rentre \u00e9m\u00e9ch\u00e9e d&#8217;une soir\u00e9e et a des hallucinations<\/em><\/p>\n<p><strong>If I had a heart<\/strong> de Celia Nicolas <a href=\"https:\/\/www.youtube.com\/watch?v=9oGvP5Fmnow\">https:\/\/www.youtube.com\/watch?v=9oGvP5Fmnow\u00a0<\/a><em>Triple r\u00f4le : Eve, fille de cabaret et jeune femme prude du Moyen Age<\/em><\/p>\n<p><strong>Embrase Moi<\/strong> de Bring\u2019s 2014 <em>R\u00f4le de la Femme du Chanteur<\/em> <a href=\"https:\/\/www.youtube.com\/watch?v=unyBU457u9Q&amp;sns=em\">https:\/\/www.youtube.com\/watch?v=unyBU457u9Q&amp;sns=em<\/a><\/p>\n<p><strong>Faussaire <\/strong>de Jean-Fran\u00e7ois Ferrillon 2015 <em>R\u00f4le d&#8217;une jeune femme qui se laisse s\u00e9duire par le Faussaire<\/em> <a href=\"https:\/\/www.youtube.com\/watch?v=ifME1K2Zd30\">https:\/\/www.youtube.com\/watch?v=ifME1K2Zd30<\/a><\/p>\n<p><a href=\"https:\/\/www.youtube.com\/watch?v=bKvJ_mfomnU\">https:\/\/www.youtube.com\/watch?v=bKvJ_mfomnU<\/a><\/p>\n<p>&nbsp;<\/p>\n<p><strong>\u00a0JEU DE PISTE REALITE VIRTUELLE 360\u00b0\u00a0<\/strong><strong>\u00a0\u00a0 <\/strong><\/p>\n<p><strong>\u00a0<\/strong><strong>L\u2019Inconnue de la Seine<\/strong> de Cyril Golovtchan Juillet 2017 <em>R\u00f4le d\u2019une espionne allemande<\/em><\/p>\n<p>&nbsp;<\/p>\n<p><strong>VOIX (fran\u00e7aise, allemande, anglaise)<\/strong><\/p>\n<p><strong>O\u2019Bahamas Lyon (2019) <\/strong>Voix et doublage en Allemand, cyber-s\u00e9curit\u00e9<\/p>\n<p><strong>F\u00eate des Lumi\u00e8res de Lyon 2018 en 360\u00b0 <\/strong><a href=\"https:\/\/www.youtube.com\/watch?time_continue=3&amp;v=pJcCzNinwQ4\"><strong>https:\/\/www.youtube.com\/watch?time_continue=3&amp;v=pJcCzNinwQ4<\/strong><\/a><\/p>\n<p><strong>L\u2019Inconnue de la Seine de Cyril Golovtchan <\/strong>Voix anglaise<\/p>\n<p><strong>\u00a0<\/strong><strong>Cours de marketing <\/strong>avec Vincent Tulli (2014), voix allemande<\/p>\n<p><strong>\u00a0<\/strong><strong>Web Emissions de gastronomie <\/strong>sur Canal gastronomie, voix fran\u00e7aise (2010)<\/p>\n<p>&nbsp;<\/p>\n<p>Photographes partenaires\u00a0: <a href=\"http:\/\/mercier.photos.free.fr\/\">http:\/\/mercier.photos.free.fr<\/a> ; <a href=\"http:\/\/www.francois-michel.com\/\">http:\/\/www.francois-michel.com<\/a> ;<a href=\"http:\/\/jeanfrancoishumbert.com\/\">http:\/\/jeanfrancoishumbert.com<\/a> ; <a href=\"https:\/\/www.paulvonborax.com\/\">https:\/\/www.paulvonborax.com<\/a> ; <a href=\"http:\/\/www.workshops.chauvignat.com\/\">http:\/\/www.workshops.chauvignat.com<\/a> ; <a href=\"http:\/\/www.roypictures.com\/\">http:\/\/www.roypictures.com<\/a> ; <a href=\"https:\/\/www.marchervouet.com\/\">https:\/\/www.marchervouet.com<\/a> ; <a href=\"http:\/\/photoregards.book-folio.fr\/\">http:\/\/photoregards.book-folio.fr<\/a> ; <a href=\"https:\/\/fabricelaroche.com\/\">https:\/\/fabricelaroche.com<\/a> ; <a href=\"http:\/\/www.osd.fr\/\">http:\/\/www.osd.fr<\/a> ; <a href=\"https:\/\/www.pour-amuser-la-galerie.com\/\">https:\/\/www.pour-amuser-la-galerie.com<\/a><\/p>\n","protected":false},"excerpt":{"rendered":"<p>A la une ! Edito Mode &amp; Beaut\u00e9 shoot\u00e9 au French Theory Hotel \u00e0 Paris, juste avant le confinement :\u00a0https:\/\/www.lamodecnous.com\/2020\/03\/23\/french-theory\/ &nbsp; &nbsp; FORMATION Perfectionnement Doublage (janvier 2020) Les Escales Buissonni\u00e8res \u00e0 Lyon Doublage et voix off (octobre 2018) Les Escales Buissonni\u00e8res \u00e0 Lyon Les Ateliers Saint-Georges Avec Seth Young Ruiz F\u00e9vrier 2018, Lyon Stage de [&hellip;]<\/p>\n","protected":false},"author":2,"featured_media":0,"parent":0,"menu_order":5,"comment_status":"closed","ping_status":"open","template":"page-cover.php","meta":{"_acf_changed":false,"footnotes":""},"class_list":["post-335","page","type-page","status-publish","hentry"],"acf":[],"_links":{"self":[{"href":"http:\/\/julie-chloe.com\/en\/wp-json\/wp\/v2\/pages\/335","targetHints":{"allow":["GET"]}}],"collection":[{"href":"http:\/\/julie-chloe.com\/en\/wp-json\/wp\/v2\/pages"}],"about":[{"href":"http:\/\/julie-chloe.com\/en\/wp-json\/wp\/v2\/types\/page"}],"author":[{"embeddable":true,"href":"http:\/\/julie-chloe.com\/en\/wp-json\/wp\/v2\/users\/2"}],"replies":[{"embeddable":true,"href":"http:\/\/julie-chloe.com\/en\/wp-json\/wp\/v2\/comments?post=335"}],"version-history":[{"count":3,"href":"http:\/\/julie-chloe.com\/en\/wp-json\/wp\/v2\/pages\/335\/revisions"}],"predecessor-version":[{"id":646,"href":"http:\/\/julie-chloe.com\/en\/wp-json\/wp\/v2\/pages\/335\/revisions\/646"}],"wp:attachment":[{"href":"http:\/\/julie-chloe.com\/en\/wp-json\/wp\/v2\/media?parent=335"}],"curies":[{"name":"wp","href":"https:\/\/api.w.org\/{rel}","templated":true}]}}